{"id":1498,"date":"2021-11-25T14:48:56","date_gmt":"2021-11-25T13:48:56","guid":{"rendered":"https:\/\/harprise.ch\/accueil\/"},"modified":"2023-08-25T00:03:50","modified_gmt":"2023-08-24T22:03:50","slug":"accueil","status":"publish","type":"page","link":"https:\/\/harprise.ch\/fr\/","title":{"rendered":"Accueil"},"content":{"rendered":"<p>[et_pb_section fb_built=\u00a0\u00bb1&Prime; admin_label=\u00a0\u00bbHeader-Bild\u00a0\u00bb _builder_version=\u00a0\u00bb4.17.0&Prime; _module_preset=\u00a0\u00bbdefault\u00a0\u00bb background_image=\u00a0\u00bbhttps:\/\/harprise.ch\/wp-content\/uploads\/2021\/11\/Amp-mit-mic.jpg\u00a0\u00bb parallax=\u00a0\u00bbon\u00a0\u00bb custom_padding=\u00a0\u00bb||191px|||\u00a0\u00bb bottom_divider_height=\u00a0\u00bb30px\u00a0\u00bb bottom_divider_flip=\u00a0\u00bbvertical\u00a0\u00bb box_shadow_style=\u00a0\u00bbpreset3&Prime; global_colors_info=\u00a0\u00bb{}\u00a0\u00bb][et_pb_row admin_label=\u00a0\u00bbColonne de titre de l&apos;en-t\u00eate\u00a0\u00bb _builder_version=\u00a0\u00bb4.16&Prime; _module_preset=\u00a0\u00bbdefault\u00a0\u00bb global_colors_info=\u00a0\u00bb{}\u00a0\u00bb][et_pb_column type=\u00a0\u00bb4_4&Prime; _builder_version=\u00a0\u00bb4.16&Prime; _module_preset=\u00a0\u00bbdefault\u00a0\u00bb global_colors_info=\u00a0\u00bb{}\u00a0\u00bb][et_pb_slider show_arrows=\u00a0\u00bboff\u00a0\u00bb show_pagination=\u00a0\u00bboff\u00a0\u00bb show_content_on_mobile=\u00a0\u00bboff\u00a0\u00bb show_image_video_mobile=\u00a0\u00bbon\u00a0\u00bb _builder_version=\u00a0\u00bb4.18.0&Prime; _module_preset=\u00a0\u00bbdefault\u00a0\u00bb background_color=\u00a0\u00bbRGBA(255,255,255,0)\u00a0\u00bb auto=\u00a0\u00bbon\u00a0\u00bb auto_speed=\u00a0\u00bb6000&Prime; auto_ignore_hover=\u00a0\u00bbon\u00a0\u00bb global_colors_info=\u00a0\u00bb{}\u00a0\u00bb][et_pb_slide image=\u00a0\u00bbhttps:\/\/harprise.ch\/wp-content\/uploads\/2021\/11\/HP2-scaled.jpg\u00a0\u00bb _builder_version=\u00a0\u00bb4.17.0&Prime; _module_preset=\u00a0\u00bbdefault\u00a0\u00bb background_enable_color=\u00a0\u00bboff\u00a0\u00bb child_filter_opacity=\u00a0\u00bb80%\u00a0\u00bb border_radii_image=\u00a0\u00bbon|9px|9px|9px|9px\u00a0\u00bb border_width_all_image=\u00a0\u00bb1px\u00a0\u00bb border_color_all_image=\u00a0\u00bb#FFFFFF\u00a0\u00bb global_colors_info=\u00a0\u00bb{}\u00a0\u00bb sticky_transition=\u00a0\u00bbon\u00a0\u00bb][\/et_pb_slide][et_pb_slide image=\u00a0\u00bbhttps:\/\/harprise.ch\/wp-content\/uploads\/2022\/04\/Marla-Glen-Harprise-scaled.jpg\u00a0\u00bb _builder_version=\u00a0\u00bb4.17.0&Prime; _module_preset=\u00a0\u00bbdefault\u00a0\u00bb background_enable_color=\u00a0\u00bboff\u00a0\u00bb child_filter_opacity=\u00a0\u00bb80%\u00a0\u00bb border_radii_image=\u00a0\u00bbon|9px|9px|9px|9px\u00a0\u00bb border_width_all_image=\u00a0\u00bb1px\u00a0\u00bb border_color_all_image=\u00a0\u00bb#FFFFFF\u00a0\u00bb global_colors_info=\u00a0\u00bb{}\u00a0\u00bb sticky_transition=\u00a0\u00bbon\u00a0\u00bb][\/et_pb_slide][et_pb_slide image=\u00a0\u00bbhttps:\/\/harprise.ch\/wp-content\/uploads\/2022\/04\/hakim-magic-blues-4-klein.jpg\u00a0\u00bb _builder_version=\u00a0\u00bb4.17.0&Prime; _module_preset=\u00a0\u00bbdefault\u00a0\u00bb background_enable_color=\u00a0\u00bboff\u00a0\u00bb child_filter_opacity=\u00a0\u00bb80%\u00a0\u00bb border_radii_image=\u00a0\u00bbon|9px|9px|9px|9px\u00a0\u00bb border_width_all_image=\u00a0\u00bb1px\u00a0\u00bb border_color_all_image=\u00a0\u00bb#FFFFFF\u00a0\u00bb global_colors_info=\u00a0\u00bb{}\u00a0\u00bb sticky_transition=\u00a0\u00bbon\u00a0\u00bb][\/et_pb_slide][\/et_pb_slider][\/et_pb_column][\/et_pb_row][\/et_pb_section][et_pb_section fb_built=\u00a0\u00bb1&Prime; admin_label=\u00a0\u00bbSub-Header\u00a0\u00bb _builder_version=\u00a0\u00bb4.21.0&Prime; _module_preset=\u00a0\u00bbdefault\u00a0\u00bb min_height=\u00a0\u00bb100px\u00a0\u00bb height=\u00a0\u00bb100px\u00a0\u00bb max_height=\u00a0\u00bb1000px\u00a0\u00bb custom_padding=\u00a0\u00bb0px||0px|||\u00a0\u00bb top_divider_color=\u00a0\u00bb#0C71C3&Prime; top_divider_height=\u00a0\u00bb4px\u00a0\u00bb top_divider_arrangement=\u00a0\u00bbabove_content\u00a0\u00bb global_colors_info=\u00a0\u00bb{}\u00a0\u00bb][et_pb_row admin_label=\u00a0\u00bbColonne de sous-en-t\u00eate\u00a0\u00bb _builder_version=\u00a0\u00bb4.16&Prime; _module_preset=\u00a0\u00bbdefault\u00a0\u00bb global_module=\u00a0\u00bb768&Prime; saved_tabs=\u00a0\u00bball\u00a0\u00bb global_colors_info=\u00a0\u00bb{}\u00a0\u00bb][et_pb_column type=\u00a0\u00bb4_4&Prime; _builder_version=\u00a0\u00bb4.16&Prime; _module_preset=\u00a0\u00bbdefault\u00a0\u00bb global_colors_info=\u00a0\u00bb{}\u00a0\u00bb][et_pb_text admin_label=\u00a0\u00bbSub-Header-Text\u00a0\u00bb _builder_version=\u00a0\u00bb4.17.0&Prime; _dynamic_attributes=\u00a0\u00bbcontent\u00a0\u00bb _module_preset=\u00a0\u00bbdefault\u00a0\u00bb text_font=\u00a0\u00bb||||||||\u00a0\u00bb text_text_color=\u00a0\u00bb#0C71C3&Prime; text_font_size=\u00a0\u00bb36px\u00a0\u00bb text_letter_spacing=\u00a0\u00bb11px\u00a0\u00bb text_font_tablet=\u00a0\u00bb\u00a0\u00bb text_font_phone=\u00a0\u00bb\u00a0\u00bb text_font_last_edited=\u00a0\u00bbon|phone\u00a0\u00bb text_font_size_tablet=\u00a0\u00bb54px\u00a0\u00bb text_font_size_phone=\u00a0\u00bb21px\u00a0\u00bb text_font_size_last_edited=\u00a0\u00bbon|phone\u00a0\u00bb text_text_shadow_style=\u00a0\u00bbpreset2&Prime; global_colors_info=\u00a0\u00bb{}\u00a0\u00bb]@ET-DC@eyJkeW5hbWljIjp0cnVlLCJjb250ZW50IjoicG9zdF90aXRsZSIsInNldHRpbmdzIjp7ImJlZm9yZSI6IiIsImFmdGVyIjoiIn19@[\/et_pb_text][\/et_pb_column][\/et_pb_row][\/et_pb_section][et_pb_section fb_built=\u00a0\u00bb1&Prime; fullwidth=\u00a0\u00bbon\u00a0\u00bb _builder_version=\u00a0\u00bb4.21.0&Prime; _module_preset=\u00a0\u00bbdefault\u00a0\u00bb global_colors_info=\u00a0\u00bb{}\u00a0\u00bb][\/et_pb_section][et_pb_section fb_built=\u00a0\u00bb1&Prime; _builder_version=\u00a0\u00bb4.21.0&Prime; _module_preset=\u00a0\u00bbdefault\u00a0\u00bb top_divider_style=\u00a0\u00bbarrow\u00a0\u00bb top_divider_color=\u00a0\u00bb#0C71C3&Prime; top_divider_height=\u00a0\u00bb4px\u00a0\u00bb top_divider_arrangement=\u00a0\u00bbabove_content\u00a0\u00bb global_colors_info=\u00a0\u00bb{}\u00a0\u00bb][et_pb_row column_structure=\u00a0\u00bb1_3,1_3,1_3&Prime; _builder_version=\u00a0\u00bb4.21.0&Prime; _module_preset=\u00a0\u00bbdefault\u00a0\u00bb global_colors_info=\u00a0\u00bb{}\u00a0\u00bb][et_pb_column type=\u00a0\u00bb1_3&Prime; _builder_version=\u00a0\u00bb4.21.0&Prime; _module_preset=\u00a0\u00bbdefault\u00a0\u00bb global_colors_info=\u00a0\u00bb{}\u00a0\u00bb][et_pb_text _builder_version=\u00a0\u00bb4.21.0&Prime; _module_preset=\u00a0\u00bbdefault\u00a0\u00bb border_style_all=\u00a0\u00bbnone\u00a0\u00bb global_colors_info=\u00a0\u00bb{}\u00a0\u00bb]<\/p>\n<h3><strong>Summerblues uff em Rhy<br \/><\/strong><\/h3>\n<p>Dans le cadre du <a href=\"https:\/\/summerblues.ch\/\" target=\"_blank\" rel=\"noopener\">Summerblues Basel<\/a> de cette ann\u00e9e, nous avons eu le grand plaisir de nous retrouver le 11 ao\u00fbt sur le pont sup\u00e9rieur du c\u00e9l\u00e8bre bateau rh\u00e9nan <a href=\"https:\/\/bpg.ch\/sommerprogramm\" target=\"_blank\" rel=\"noopener\">\u00a8Rhyst\u00e4rn\u00a8<\/a> pour une croisi\u00e8re estivale avec Blues n Roots sur le Rhin.<\/p>\n<p>Un tr\u00e8s grand merci \u00e0 Carmen et \u00e0 tout l&rsquo;\u00e9quipage du Rhyst\u00e4rn pour le formidable accueil, l&rsquo;h\u00e9bergement et bien s\u00fbr le d\u00e9licieux repas \u00e0 bord.<\/p>\n<p>Une croisi\u00e8re sur le Rhin en soir\u00e9e en \u00e9t\u00e9 est d\u00e9finitivement tr\u00e8s relaxante, et donne une vue de B\u00e2le sous une toute autre perspective. A place to be !<\/p>\n<p><a href=\"https:\/\/bpg.ch\/de\/booking-journey\/810200\/configuration\/2a763cfef98a\" target=\"_blank\" rel=\"noopener\"><\/a><\/p>\n<p>[\/et_pb_text][et_pb_image src=\u00a0\u00bbhttps:\/\/harprise.ch\/wp-content\/uploads\/2023\/07\/RHYSTAeRN.jpg\u00a0\u00bb _builder_version=\u00a0\u00bb4.21.0&Prime; _module_preset=\u00a0\u00bbdefault\u00a0\u00bb border_radii=\u00a0\u00bbon|8px|8px|8px|8px\u00a0\u00bb global_colors_info=\u00a0\u00bb{}\u00a0\u00bb][\/et_pb_image][et_pb_text _builder_version=\u00a0\u00bb4.21.0&Prime; _module_preset=\u00a0\u00bbdefault\u00a0\u00bb link_option_url=\u00a0\u00bbhttps:\/\/harprise.ch\/wp-content\/uploads\/2023\/08\/Die-Sprache-des-Blues.pdf\u00a0\u00bb link_option_url_new_window=\u00a0\u00bbon\u00a0\u00bb global_colors_info=\u00a0\u00bb{}\u00a0\u00bb]<\/p>\n<h4><a href=\"https:\/\/harprise.ch\/wp-content\/uploads\/2023\/08\/Die-Sprache-des-Blues.pdf\" rel=\"attachment wp-att-3008\"><strong><span style=\"color: #0000ff;\">Le langage du blues<\/span><\/strong><\/a><\/h4>\n<p>Signification des mots d&rsquo;argot, des phrases, des expressions et des m\u00e9taphores dans le blues sous forme de PDF de 4 pages.<\/p>\n<p>[\/et_pb_text][\/et_pb_column][et_pb_column type=\u00a0\u00bb1_3&Prime; _builder_version=\u00a0\u00bb4.21.0&Prime; _module_preset=\u00a0\u00bbdefault\u00a0\u00bb global_colors_info=\u00a0\u00bb{}\u00a0\u00bb][et_pb_text _builder_version=\u00a0\u00bb4.21.0&Prime; _module_preset=\u00a0\u00bbdefault\u00a0\u00bb border_style_all=\u00a0\u00bbnone\u00a0\u00bb locked=\u00a0\u00bboff\u00a0\u00bb global_colors_info=\u00a0\u00bb{}\u00a0\u00bb]<\/p>\n<h3><strong>Tour d&rsquo;\u00e9t\u00e9 23<br \/><\/strong><\/h3>\n<p>A cette occasion, Andi Gisler et moi-m\u00eame souhaitons remercier chaleureusement tous les organisateurs, les fans, les amis, les connaissances, les parents et bien s\u00fbr les sponsors qui nous ont soutenus en si grand nombre et de mani\u00e8re si formidable lors des concerts suivants.<\/p>\n<p><a href=\"https:\/\/www.bluesfestival-baden.ch\/\" target=\"_blank\" rel=\"noopener\">Blues Festival Baden<\/a> \/ <a href=\"https:\/\/www.redhotserenaders.ch\/musigchuchi\/\" target=\"_blank\" rel=\"noopener\">Musigchuchi R\u00fcti<\/a><\/p>\n<p><a href=\"https:\/\/www.mexicano.ch\/\" target=\"_blank\" rel=\"noopener\">Mexicano Sins<\/a> \/ <a href=\"https:\/\/summerblues.ch\/\" target=\"_blank\" rel=\"noopener\">Summerblues Basel<\/a><\/p>\n<p><a href=\"https:\/\/vulcanelli.ch\/?page_id=562\" target=\"_blank\" rel=\"noopener\">La Strada Birsfelden<\/a> \/ <a href=\"https:\/\/basellive.ch\/detail\/rhystarn-basel\" target=\"_blank\" rel=\"noopener\">Rhyst\u00e4rn B\u00e2le<\/a><\/p>\n<h3><strong><\/strong><\/h3>\n<h3><strong><\/strong><\/h3>\n<h3><strong>Tour automne\/hiver 23\/24<br \/><\/strong><\/h3>\n<p>Apr\u00e8s la tourn\u00e9e, c&rsquo;est avant la tourn\u00e9e ! Andi et moi allons reprendre les rails bleus avec un nouveau programme \u00e0 partir de l&rsquo;automne 2023.<\/p>\n<p><a href=\"https:\/\/harprise.ch\/fr\/concerts\/\">De nouvelles dates de concert suivront.<\/a><\/p>\n<p>D&rsquo;ici l\u00e0, nous vous souhaitons \u00e0 tous de passer un bon moment.<\/p>\n<p>Andi et Harprise<\/p>\n<p>[\/et_pb_text][et_pb_text _builder_version=\u00a0\u00bb4.21.0&Prime; _module_preset=\u00a0\u00bbdefault\u00a0\u00bb global_colors_info=\u00a0\u00bb{}\u00a0\u00bb]<\/p>\n<p><span style=\"color: #000000;\"><\/span><\/p>\n<p><span style=\"color: #000000;\">Pour agrandir les images, cliquez sur le bouton droit de la souris et s\u00e9lectionnez \u00a8Ouvrir le graphique dans un nouvel onglet\u00a8.<\/span><\/p>\n<p>[\/et_pb_text][\/et_pb_column][et_pb_column type=\u00a0\u00bb1_3&Prime; _builder_version=\u00a0\u00bb4.21.0&Prime; _module_preset=\u00a0\u00bbdefault\u00a0\u00bb global_colors_info=\u00a0\u00bb{}\u00a0\u00bb][et_pb_text _builder_version=\u00a0\u00bb4.21.0&Prime; _module_preset=\u00a0\u00bbdefault\u00a0\u00bb width=\u00a0\u00bb100%\u00a0\u00bb module_alignment=\u00a0\u00bbleft\u00a0\u00bb min_height=\u00a0\u00bb582.2px\u00a0\u00bb border_color_all=\u00a0\u00bb#0038F0&Prime; global_colors_info=\u00a0\u00bb{}\u00a0\u00bb]<\/p>\n<h3 style=\"text-align: left;\"><strong>Harprise et Andi Gisler<\/strong><\/h3>\n<p style=\"text-align: left;\">Andi Gisler et moi sommes li\u00e9s par une p\u00e9riode commune avec le groupe b\u00e2lois \u00a8The Soul Damage Club\u00a8, qui a enregistr\u00e9 un CD live en 1995 dans le c\u00e9l\u00e8bre Atlantis \u00e0 B\u00e2le. Depuis, nous avons jou\u00e9 sporadiquement quelques concerts avec mon groupe ou en duo. La passion du blues est rest\u00e9e intacte chez nous deux. C&rsquo;est pourquoi nous avons d\u00e9cid\u00e9 de reprendre les rails du blues en duo \u00e0 partir du printemps 2023. Nous essayons de conserver le blues traditionnel tout en plongeant le public dans une atmosph\u00e8re bleue profonde du bayou du Mississippi avec nos propres versions rafra\u00eechies de grands bluesmen connus d&rsquo;autrefois. Nous avons l&rsquo;honneur de faire nos d\u00e9buts en duo au Blues Festival Baden de cette ann\u00e9e. \u00c0 l&rsquo;occasion du Summerblues Festival du 30 juin, nous avons eu une id\u00e9e sp\u00e9ciale : jouer en quartet sur la Theodorskirchplatz avec deux musiciens connus de la sc\u00e8ne blues b\u00e2loise. Alors, ne vous en privez pas, quel que soit le temps. Nous vous attendons avec impatience.<\/p>\n<p style=\"text-align: left;\"><strong><a href=\"https:\/\/andigisler.com\/\" target=\"_blank\" rel=\"noopener\">Andi Gisler<\/a> &#8211; Guitare \/ Chant \/ Weissenborn \/ Lap-Steel<\/strong><\/p>\n<p style=\"text-align: left;\"><strong>Harprise &#8211; Chant \/ Harpe<\/strong><\/p>\n<p>[\/et_pb_text][\/et_pb_column][\/et_pb_row][\/et_pb_section]<\/p>\n","protected":false},"excerpt":{"rendered":"<p>Summerblues uff em Rhy Dans le cadre du Summerblues Basel de cette ann\u00e9e, nous avons eu le grand plaisir de nous retrouver le 11 ao\u00fbt sur le pont sup\u00e9rieur du c\u00e9l\u00e8bre bateau rh\u00e9nan \u00a8Rhyst\u00e4rn\u00a8 pour une croisi\u00e8re estivale avec Blues n Roots sur le Rhin. Un tr\u00e8s grand merci \u00e0 Carmen et \u00e0 tout l&rsquo;\u00e9quipage [&hellip;]<\/p>\n","protected":false},"author":2,"featured_media":0,"parent":0,"menu_order":0,"comment_status":"closed","ping_status":"closed","template":"","meta":{"_et_pb_use_builder":"on","_et_pb_old_content":"","_et_gb_content_width":"","footnotes":""},"class_list":["post-1498","page","type-page","status-publish","hentry"],"_links":{"self":[{"href":"https:\/\/harprise.ch\/fr\/wp-json\/wp\/v2\/pages\/1498","targetHints":{"allow":["GET"]}}],"collection":[{"href":"https:\/\/harprise.ch\/fr\/wp-json\/wp\/v2\/pages"}],"about":[{"href":"https:\/\/harprise.ch\/fr\/wp-json\/wp\/v2\/types\/page"}],"author":[{"embeddable":true,"href":"https:\/\/harprise.ch\/fr\/wp-json\/wp\/v2\/users\/2"}],"replies":[{"embeddable":true,"href":"https:\/\/harprise.ch\/fr\/wp-json\/wp\/v2\/comments?post=1498"}],"version-history":[{"count":150,"href":"https:\/\/harprise.ch\/fr\/wp-json\/wp\/v2\/pages\/1498\/revisions"}],"predecessor-version":[{"id":3143,"href":"https:\/\/harprise.ch\/fr\/wp-json\/wp\/v2\/pages\/1498\/revisions\/3143"}],"wp:attachment":[{"href":"https:\/\/harprise.ch\/fr\/wp-json\/wp\/v2\/media?parent=1498"}],"curies":[{"name":"wp","href":"https:\/\/api.w.org\/{rel}","templated":true}]}}